{"id":4439,"date":"2021-10-12T16:27:24","date_gmt":"2021-10-12T14:27:24","guid":{"rendered":"http:\/\/dummy.xtemos.com\/woodmart2\/elementor\/?page_id=4439"},"modified":"2023-04-29T21:32:50","modified_gmt":"2023-04-29T19:32:50","slug":"contactanos","status":"publish","type":"page","link":"https:\/\/construyereformas.es\/en\/contactanos\/","title":{"rendered":"contact us"},"content":{"rendered":"\t\t<div data-elementor-type=\"wp-page\" data-elementor-id=\"4439\" class=\"elementor elementor-4439\">\n\t\t\t\t\t\t<section class=\"elementor-section elementor-top-section elementor-element elementor-element-1c9344a2 elementor-section-boxed elementor-section-height-default elementor-section-height-default wd-section-disabled\" data-id=\"1c9344a2\" data-element_type=\"section\" data-e-type=\"section\">\n\t\t\t\t\t\t<div class=\"elementor-container elementor-column-gap-default\">\n\t\t\t\t\t<div class=\"elementor-column elementor-col-33 elementor-top-column elementor-element elementor-element-a4e7846\" data-id=\"a4e7846\" data-element_type=\"column\" data-e-type=\"column\">\n\t\t\t<div class=\"elementor-widget-wrap elementor-element-populated\">\n\t\t\t\t\t\t<div class=\"elementor-element elementor-element-950c02b elementor-widget elementor-widget-wd_title\" data-id=\"950c02b\" data-element_type=\"widget\" data-e-type=\"widget\" data-widget_type=\"wd_title.default\">\n\t\t\t\t<div class=\"elementor-widget-container\">\n\t\t\t\t\t\t\t\t<link rel=\"stylesheet\" id=\"wd-section-title-css\" href=\"https:\/\/construyereformas.es\/wp-content\/themes\/Construye%20Reformas\/css\/parts\/el-section-title.min.css?ver=7.4\" type=\"text\/css\" media=\"all\" \/> \t\t\t\t\t<div class=\"title-wrapper set-mb-s reset-last-child wd-title-color-default wd-title-style-default wd-title-size-default text-left\">\n\n\t\t\t\n\t\t\t<div class=\"liner-continer\">\n\t\t\t\t<h3 class=\"woodmart-title-container title wd-fontsize-l\">Cont\u00e1ctanos para recibir una oferta personalizada para el servicio deseado<\/h3> \n\t\t\t\t\t\t\t<\/div>\n\n\t\t\t\t\t<\/div>\n\t\t\t\t\t\t<\/div>\n\t\t\t\t<\/div>\n\t\t\t\t<div class=\"elementor-element elementor-element-0a3185c elementor-widget elementor-widget-wpforms\" data-id=\"0a3185c\" data-element_type=\"widget\" data-e-type=\"widget\" data-widget_type=\"wpforms.default\">\n\t\t\t\t<div class=\"elementor-widget-container\">\n\t\t\t\t\t<div class=\"wpforms-container wpforms-container-full clasamea\" id=\"wpforms-8845\"><form id=\"wpforms-form-8845\" class=\"wpforms-validate wpforms-form wpforms-ajax-form\" data-formid=\"8845\" method=\"post\" enctype=\"multipart\/form-data\" action=\"\/en\/wp-json\/wp\/v2\/pages\/4439\" data-token=\"cb4fac387e4a8902196504fc565a90c7\"><noscript class=\"wpforms-error-noscript\">Please enable JavaScript in your browser to complete this form.<\/noscript><div class=\"wpforms-field-container\"><div id=\"wpforms-8845-field_5-container\" class=\"wpforms-field wpforms-field-name clasamea\" data-field-id=\"5\"><label class=\"wpforms-field-label\" for=\"wpforms-8845-field_5\">Nombre <span class=\"wpforms-required-label\">*<\/span><\/label><input type=\"text\" id=\"wpforms-8845-field_5\" class=\"wpforms-field-medium wpforms-field-required\" name=\"wpforms[fields][5]\" placeholder=\"Nombre\" required><\/div><div id=\"wpforms-8845-field_6-container\" class=\"wpforms-field wpforms-field-phone clasamea\" data-field-id=\"6\"><label class=\"wpforms-field-label\" for=\"wpforms-8845-field_6\">Tel\u00e9fono<\/label><input type=\"tel\" id=\"wpforms-8845-field_6\" class=\"wpforms-field-medium wpforms-smart-phone-field\" data-rule-smart-phone-field=\"true\" name=\"wpforms[fields][6]\" placeholder=\"N\u00famero de tel\u00e9fono\" ><\/div><div id=\"wpforms-8845-field_8-container\" class=\"wpforms-field wpforms-field-email clasamea\" data-field-id=\"8\"><label class=\"wpforms-field-label\" for=\"wpforms-8845-field_8\">Correo <span class=\"wpforms-required-label\">*<\/span><\/label><input type=\"email\" id=\"wpforms-8845-field_8\" class=\"wpforms-field-medium wpforms-field-required\" name=\"wpforms[fields][8]\" placeholder=\"Su direcci\u00f3n de correo electr\u00f3nico\" required><\/div><div id=\"wpforms-8845-field_9-container\" class=\"wpforms-field wpforms-field-select clasamea wpforms-conditional-trigger wpforms-field-select-style-classic\" data-field-id=\"9\"><label class=\"wpforms-field-label\" for=\"wpforms-8845-field_9\">Servicios deseados<\/label><select id=\"wpforms-8845-field_9\" class=\"wpforms-field-medium\" name=\"wpforms[fields][9]\"><option value=\"Elija el servicio deseado\" >Elija el servicio deseado<\/option><option value=\"Reforma cocina\" >Reforma cocina<\/option><option value=\"Reforma ba\u00f1o\" >Reforma ba\u00f1o<\/option><option value=\"Reforma completa\" >Reforma completa<\/option><option value=\"Reforma casa\" >Reforma casa<\/option><option value=\"Decoraci\u00f3n de interiores\" >Decoraci\u00f3n de interiores<\/option><option value=\"Reformas integrales\" >Reformas integrales<\/option><option value=\"Otros servicios\" >Otros servicios<\/option><\/select><\/div><div id=\"wpforms-8845-field_12-container\" class=\"wpforms-field wpforms-field-text butonulmeu wpforms-conditional-field wpforms-conditional-show\" data-field-id=\"12\" style=\"display:none;\"><label class=\"wpforms-field-label\" for=\"wpforms-8845-field_12\">Ind\u00edquenos qu\u00e9 servicios necesita<\/label><input type=\"text\" id=\"wpforms-8845-field_12\" class=\"wpforms-field-small\" name=\"wpforms[fields][12]\" placeholder=\"M\u00e1s informaci\u00f3n\" ><\/div><\/div><div class=\"wpforms-recaptcha-container wpforms-is-recaptcha\"><div class=\"g-recaptcha\" data-sitekey=\"6LeXob0pAAAAAP5xvRI7GmMql5_-YhXv9voQJdOW\"><\/div><input type=\"text\" name=\"g-recaptcha-hidden\" class=\"wpforms-recaptcha-hidden\" style=\"position:absolute!important;clip:rect(0,0,0,0)!important;height:1px!important;width:1px!important;border:0!important;overflow:hidden!important;padding:0!important;margin:0!important;\" required><\/div><div class=\"wpforms-submit-container\"><input type=\"hidden\" name=\"wpforms[id]\" value=\"8845\"><input type=\"hidden\" name=\"wpforms[author]\" value=\"1\"><button type=\"submit\" name=\"wpforms[submit]\" id=\"wpforms-submit-8845\" class=\"wpforms-submit butonulmeu\" data-alt-text=\"Sending...\" data-submit-text=\"Enviar\" aria-live=\"assertive\" value=\"wpforms-submit\">Enviar<\/button><img decoding=\"async\" src=\"https:\/\/construyereformas.es\/wp-content\/plugins\/wpforms\/assets\/images\/submit-spin.svg\" class=\"wpforms-submit-spinner\" style=\"display: none;\" width=\"26\" height=\"26\" alt=\"Loading\"><\/div><\/form><\/div>  <!-- .wpforms-container -->\t\t\t\t<\/div>\n\t\t\t\t<\/div>\n\t\t\t\t\t<\/div>\n\t\t<\/div>\n\t\t\t\t<div class=\"elementor-column elementor-col-33 elementor-top-column elementor-element elementor-element-c36dd34\" data-id=\"c36dd34\" data-element_type=\"column\" data-e-type=\"column\">\n\t\t\t<div class=\"elementor-widget-wrap elementor-element-populated\">\n\t\t\t\t\t\t<div class=\"elementor-element elementor-element-5a44722 elementor-widget elementor-widget-wd_title\" data-id=\"5a44722\" data-element_type=\"widget\" data-e-type=\"widget\" data-widget_type=\"wd_title.default\">\n\t\t\t\t<div class=\"elementor-widget-container\">\n\t\t\t\t\t\t\t<div class=\"title-wrapper set-mb-s reset-last-child wd-title-color-default wd-title-style-default wd-title-size-default text-left\">\n\n\t\t\t\n\t\t\t<div class=\"liner-continer\">\n\t\t\t\t<h3 class=\"woodmart-title-container title wd-fontsize-l\">DETALLES<\/h3> \n\t\t\t\t\t\t\t<\/div>\n\n\t\t\t\t\t<\/div>\n\t\t\t\t\t\t<\/div>\n\t\t\t\t<\/div>\n\t\t\t\t<div class=\"elementor-element elementor-element-9832957 elementor-widget__width-initial color-scheme-inherit text-left elementor-widget elementor-widget-text-editor\" data-id=\"9832957\" data-element_type=\"widget\" data-e-type=\"widget\" data-widget_type=\"text-editor.default\">\n\t\t\t\t<div class=\"elementor-widget-container\">\n\t\t\t\t\t\t\t\t\t<p><i class=\"fa fa-map-marker\" aria-hidden=\"true\"><\/i> Alicante, Espa\u00f1a<\/p><p><i class=\"fa fa-phone\" aria-hidden=\"true\"><\/i> Phone: 677 131 288<\/p><p><i class=\"fa fa-envelope\" aria-hidden=\"true\"><\/i> Mail: <span style=\"color: #000000;\">office@construyereformas.es<\/span><\/p><div class=\"elementor-element elementor-element-41c12ca elementor-widget elementor-widget-wd_text_block\" data-id=\"41c12ca\" data-element_type=\"widget\" data-widget_type=\"wd_text_block.default\"><div class=\"elementor-widget-container\"><div class=\"wd-text-block reset-last-child text-left\"><p><span style=\"color: #000000;\">NUESTRO POYECTOS ES CUMPLIR TUS SUE\u00d1OS, CREAMOS EL AMBIENTE IDEONEO PARA CADA EXIGENCIA.<\/span><\/p><div class=\"flex flex-grow flex-col gap-3\"><div class=\"min-h-[20px] flex flex-col items-start gap-4 whitespace-pre-wrap\"><div class=\"markdown prose w-full break-words dark:prose-invert dark\"><ul><li><span style=\"color: #000000;\"><strong>DECORACI\u00d3N INTERIOR<\/strong>; Elecci\u00f3n de materiales, colores, acabados y mucho m\u00e1s.<\/span><\/li><li><span style=\"color: #000000;\"><strong>REFORMA; <\/strong>Trabajos de alba\u00f1iler\u00eda, fontaner\u00eda, electricidad, carpinter\u00eda,<\/span><\/li><\/ul><p><span style=\"color: #000000;\">Todo lo que necesitas para tener el acabado deseado. Destacamos por nuestra calidad y profesionalidad.<\/span><\/p><\/div><\/div><\/div><\/div><\/div><\/div>\t\t\t\t\t\t\t\t<\/div>\n\t\t\t\t<\/div>\n\t\t\t\t\t<\/div>\n\t\t<\/div>\n\t\t\t\t<div class=\"elementor-column elementor-col-33 elementor-top-column elementor-element elementor-element-41bec3dc\" data-id=\"41bec3dc\" data-element_type=\"column\" data-e-type=\"column\">\n\t\t\t<div class=\"elementor-widget-wrap elementor-element-populated\">\n\t\t\t\t\t\t<div class=\"elementor-element elementor-element-9cd3b3b elementor-widget elementor-widget-wd_title\" data-id=\"9cd3b3b\" data-element_type=\"widget\" data-e-type=\"widget\" data-widget_type=\"wd_title.default\">\n\t\t\t\t<div class=\"elementor-widget-container\">\n\t\t\t\t\t\t\t<div class=\"title-wrapper set-mb-s reset-last-child wd-title-color-default wd-title-style-default wd-title-size-default text-left\">\n\n\t\t\t\n\t\t\t<div class=\"liner-continer\">\n\t\t\t\t<h3 class=\"woodmart-title-container title wd-fontsize-l\">Preguntas frecuentes (FAQ)\u200b<\/h3> \n\t\t\t\t\t\t\t<\/div>\n\n\t\t\t\t\t<\/div>\n\t\t\t\t\t\t<\/div>\n\t\t\t\t<\/div>\n\t\t\t\t<div class=\"elementor-element elementor-element-e250b03 elementor-widget elementor-widget-wd_accordion\" data-id=\"e250b03\" data-element_type=\"widget\" data-e-type=\"widget\" data-widget_type=\"wd_accordion.default\">\n\t\t\t\t<div class=\"elementor-widget-container\">\n\t\t\t\t\t\t\t\t<link rel=\"stylesheet\" id=\"wd-accordion-css\" href=\"https:\/\/construyereformas.es\/wp-content\/themes\/Construye%20Reformas\/css\/parts\/el-accordion.min.css?ver=7.4\" type=\"text\/css\" media=\"all\" \/> \t\t\t\n\t\t<div class=\"wd-accordion wd-style-default\" data-state=\"all_closed\">\n\t\t\t\t\t\t\t\n\t\t\t\t<div class=\"wd-accordion-item\">\n\t\t\t\t\t<div class=\"wd-accordion-title text-left wd-opener-pos-right\" data-accordion-index=\"0\">\n\t\t\t\t\t\t<div class=\"wd-accordion-title-text\">\n\t\t\t\t\t\t\t\t\t\t\t\t\t\t<span>\n\t\t\t\t\t\t\t\tCu\u00e1nto tiempo tarda una renovaci\u00f3n de casa o apartamento?\t\t\t\t\t\t\t<\/span>\n\t\t\t\t\t\t<\/div>\n\t\t\t\t\t\t<span class=\"wd-accordion-opener wd-opener-style-arrow\"><\/span>\n\t\t\t\t\t<\/div>\n\n\t\t\t\t\t<div class=\"wd-accordion-content reset-last-child\" data-accordion-index=\"0\">\n\t\t\t\t\t\t\t\t\t\t\t\t\t\n\t\t\t\t\t\t\t<p>El tiempo requerido para una renovaci\u00f3n de casa o apartamento var\u00eda seg\u00fan el alcance del proyecto y los materiales utilizados. En promedio, una renovaci\u00f3n completa puede durar de 2 a 4 meses. Sin embargo, es importante tener en cuenta que cada proyecto es \u00fanico y los plazos pueden variar.<\/p>\n\t\t\t\t\t\t\t\t\t\t\t\t\t\t\t\t\t\t<\/div>\n\t\t\t\t<\/div>\n\t\t\t\t\t\t\t\n\t\t\t\t<div class=\"wd-accordion-item\">\n\t\t\t\t\t<div class=\"wd-accordion-title text-left wd-opener-pos-right\" data-accordion-index=\"1\">\n\t\t\t\t\t\t<div class=\"wd-accordion-title-text\">\n\t\t\t\t\t\t\t\t\t\t\t\t\t\t<span>\n\t\t\t\t\t\t\t\tC\u00f3mo se calcula el costo de una renovaci\u00f3n de ba\u00f1o o cocina?\t\t\t\t\t\t\t<\/span>\n\t\t\t\t\t\t<\/div>\n\t\t\t\t\t\t<span class=\"wd-accordion-opener wd-opener-style-arrow\"><\/span>\n\t\t\t\t\t<\/div>\n\n\t\t\t\t\t<div class=\"wd-accordion-content reset-last-child\" data-accordion-index=\"1\">\n\t\t\t\t\t\t\t\t\t\t\t\t\t\n\t\t\t\t\t\t\t<p>El costo de una renovaci\u00f3n de ba\u00f1o o cocina se calcula en funci\u00f3n de diversos factores, como el tama\u00f1o del espacio, los materiales y accesorios elegidos, y la complejidad del proyecto. Es importante obtener un presupuesto detallado de un contratista experimentado antes de comenzar cualquier trabajo.<\/p>\n\t\t\t\t\t\t\t\t\t\t\t\t\t\t\t\t\t\t<\/div>\n\t\t\t\t<\/div>\n\t\t\t\t\t\t\t\n\t\t\t\t<div class=\"wd-accordion-item\">\n\t\t\t\t\t<div class=\"wd-accordion-title text-left wd-opener-pos-right\" data-accordion-index=\"2\">\n\t\t\t\t\t\t<div class=\"wd-accordion-title-text\">\n\t\t\t\t\t\t\t\t\t\t\t\t\t\t<span>\n\t\t\t\t\t\t\t\tNecesito un permiso para llevar a cabo una renovaci\u00f3n de casa o apartamento?\t\t\t\t\t\t\t<\/span>\n\t\t\t\t\t\t<\/div>\n\t\t\t\t\t\t<span class=\"wd-accordion-opener wd-opener-style-arrow\"><\/span>\n\t\t\t\t\t<\/div>\n\n\t\t\t\t\t<div class=\"wd-accordion-content reset-last-child\" data-accordion-index=\"2\">\n\t\t\t\t\t\t\t\t\t\t\t\t\t\n\t\t\t\t\t\t\t<p>Dependiendo de la jurisdicci\u00f3n y el alcance del proyecto, es posible que se requiera un permiso para ciertas renovaciones. En general, los proyectos estructurales y aquellos que involucren cambios en las instalaciones el\u00e9ctricas o de plomer\u00eda requieren permisos. Consulte con su contratista y las autoridades locales para determinar si necesita un permiso.<\/p>\n\t\t\t\t\t\t\t\t\t\t\t\t\t\t\t\t\t\t<\/div>\n\t\t\t\t<\/div>\n\t\t\t\t\t\t\t\n\t\t\t\t<div class=\"wd-accordion-item\">\n\t\t\t\t\t<div class=\"wd-accordion-title text-left wd-opener-pos-right\" data-accordion-index=\"3\">\n\t\t\t\t\t\t<div class=\"wd-accordion-title-text\">\n\t\t\t\t\t\t\t\t\t\t\t\t\t\t<span>\n\t\t\t\t\t\t\t\tPuedo vivir en mi casa o apartamento mientras se realiza la renovaci\u00f3n?\t\t\t\t\t\t\t<\/span>\n\t\t\t\t\t\t<\/div>\n\t\t\t\t\t\t<span class=\"wd-accordion-opener wd-opener-style-arrow\"><\/span>\n\t\t\t\t\t<\/div>\n\n\t\t\t\t\t<div class=\"wd-accordion-content reset-last-child\" data-accordion-index=\"3\">\n\t\t\t\t\t\t\t\t\t\t\t\t\t\n\t\t\t\t\t\t\t<p>Esto depende del alcance del proyecto y de su nivel de comodidad con las interrupciones en su vida diaria. Algunas personas optan por mudarse temporalmente mientras se lleva a cabo una renovaci\u00f3n completa. Sin embargo, si solo est\u00e1 renovando una habitaci\u00f3n o \u00e1rea a la vez, es posible que pueda permanecer en el lugar.<\/p>\n\t\t\t\t\t\t\t\t\t\t\t\t\t\t\t\t\t\t<\/div>\n\t\t\t\t<\/div>\n\t\t\t\t\t\t\t\n\t\t\t\t<div class=\"wd-accordion-item\">\n\t\t\t\t\t<div class=\"wd-accordion-title text-left wd-opener-pos-right\" data-accordion-index=\"4\">\n\t\t\t\t\t\t<div class=\"wd-accordion-title-text\">\n\t\t\t\t\t\t\t\t\t\t\t\t\t\t<span>\n\t\t\t\t\t\t\t\tC\u00f3mo puedo asegurarme de que el contratista que elijo para mi proyecto de renovaci\u00f3n sea confiable y de calidad?\t\t\t\t\t\t\t<\/span>\n\t\t\t\t\t\t<\/div>\n\t\t\t\t\t\t<span class=\"wd-accordion-opener wd-opener-style-arrow\"><\/span>\n\t\t\t\t\t<\/div>\n\n\t\t\t\t\t<div class=\"wd-accordion-content reset-last-child\" data-accordion-index=\"4\">\n\t\t\t\t\t\t\t\t\t\t\t\t\t\n\t\t\t\t\t\t\t<p>Haga una investigaci\u00f3n exhaustiva antes de contratar a un contratista para su proyecto. Pida referencias, consulte opiniones en l\u00ednea y hable con amigos o familiares que hayan tenido experiencias similares. Tambi\u00e9n es importante obtener m\u00faltiples cotizaciones para comparar precios y servicios antes de tomar una decisi\u00f3n.<\/p>\n\t\t\t\t\t\t\t\t\t\t\t\t\t\t\t\t\t\t<\/div>\n\t\t\t\t<\/div>\n\t\t\t\t\t<\/div>\n\t\t\t\t\t\t<\/div>\n\t\t\t\t<\/div>\n\t\t\t\t\t<\/div>\n\t\t<\/div>\n\t\t\t\t\t<\/div>\n\t\t<\/section>\n\t\t\t\t<\/div>\n\t\t","protected":false},"excerpt":{"rendered":"<p>Cont\u00e1ctanos para recibir una oferta personalizada para el servicio deseado DETALLES Alicante, Espa\u00f1a Phone: 677 131 288 Mail: office@construyereformas.es NUESTRO<\/p>","protected":false},"author":1,"featured_media":0,"parent":0,"menu_order":0,"comment_status":"closed","ping_status":"closed","template":"","meta":{"ngg_post_thumbnail":0,"footnotes":""},"class_list":["post-4439","page","type-page","status-publish","hentry"],"yoast_head":"<!-- This site is optimized with the Yoast SEO Premium plugin v27.1 (Yoast SEO v27.5) - https:\/\/yoast.com\/product\/yoast-seo-premium-wordpress\/ -->\n<title>Cont\u00e1ctanos - Reformas de viviendas<\/title>\n<meta name=\"robots\" content=\"index, follow, max-snippet:-1, max-image-preview:large, max-video-preview:-1\" \/>\n<link rel=\"canonical\" href=\"https:\/\/construyereformas.es\/en\/contactanos\/\" \/>\n<meta property=\"og:locale\" content=\"en_US\" \/>\n<meta property=\"og:type\" content=\"article\" \/>\n<meta property=\"og:title\" content=\"Cont\u00e1ctanos\" \/>\n<meta property=\"og:description\" content=\"Cont\u00e1ctanos para recibir una oferta personalizada para el servicio deseado DETALLES Alicante, Espa\u00f1a Phone: 677 131 288 Mail: office@construyereformas.es NUESTRO\" \/>\n<meta property=\"og:url\" content=\"https:\/\/construyereformas.es\/en\/contactanos\/\" \/>\n<meta property=\"og:site_name\" content=\"Reformas de viviendas\" \/>\n<meta property=\"article:modified_time\" content=\"2023-04-29T19:32:50+00:00\" \/>\n<meta name=\"twitter:card\" content=\"summary_large_image\" \/>\n<meta name=\"twitter:label1\" content=\"Est. reading time\" \/>\n\t<meta name=\"twitter:data1\" content=\"3 minutes\" \/>\n<script type=\"application\/ld+json\" class=\"yoast-schema-graph\">{\"@context\":\"https:\\\/\\\/schema.org\",\"@graph\":[{\"@type\":\"WebPage\",\"@id\":\"https:\\\/\\\/construyereformas.es\\\/contactanos\\\/\",\"url\":\"https:\\\/\\\/construyereformas.es\\\/contactanos\\\/\",\"name\":\"Cont\u00e1ctanos - Reformas de viviendas\",\"isPartOf\":{\"@id\":\"https:\\\/\\\/construyereformas.es\\\/#website\"},\"datePublished\":\"2021-10-12T14:27:24+00:00\",\"dateModified\":\"2023-04-29T19:32:50+00:00\",\"breadcrumb\":{\"@id\":\"https:\\\/\\\/construyereformas.es\\\/contactanos\\\/#breadcrumb\"},\"inLanguage\":\"en-US\",\"potentialAction\":[{\"@type\":\"ReadAction\",\"target\":[\"https:\\\/\\\/construyereformas.es\\\/contactanos\\\/\"]}]},{\"@type\":\"BreadcrumbList\",\"@id\":\"https:\\\/\\\/construyereformas.es\\\/contactanos\\\/#breadcrumb\",\"itemListElement\":[{\"@type\":\"ListItem\",\"position\":1,\"name\":\"Prima pagin\u0103\",\"item\":\"https:\\\/\\\/construyereformas.es\\\/\"},{\"@type\":\"ListItem\",\"position\":2,\"name\":\"Cont\u00e1ctanos\"}]},{\"@type\":\"WebSite\",\"@id\":\"https:\\\/\\\/construyereformas.es\\\/#website\",\"url\":\"https:\\\/\\\/construyereformas.es\\\/\",\"name\":\"Reformas de viviendas\",\"description\":\"Renovaci\u00f3n de interiores\",\"publisher\":{\"@id\":\"https:\\\/\\\/construyereformas.es\\\/#organization\"},\"potentialAction\":[{\"@type\":\"SearchAction\",\"target\":{\"@type\":\"EntryPoint\",\"urlTemplate\":\"https:\\\/\\\/construyereformas.es\\\/?s={search_term_string}\"},\"query-input\":{\"@type\":\"PropertyValueSpecification\",\"valueRequired\":true,\"valueName\":\"search_term_string\"}}],\"inLanguage\":\"en-US\"},{\"@type\":\"Organization\",\"@id\":\"https:\\\/\\\/construyereformas.es\\\/#organization\",\"name\":\"Reformas de viviendas\",\"url\":\"https:\\\/\\\/construyereformas.es\\\/\",\"logo\":{\"@type\":\"ImageObject\",\"inLanguage\":\"en-US\",\"@id\":\"https:\\\/\\\/construyereformas.es\\\/#\\\/schema\\\/logo\\\/image\\\/\",\"url\":\"https:\\\/\\\/construyereformas.es\\\/wp-content\\\/uploads\\\/2023\\\/04\\\/cropped-logo-alb-reformas-icon.png\",\"contentUrl\":\"https:\\\/\\\/construyereformas.es\\\/wp-content\\\/uploads\\\/2023\\\/04\\\/cropped-logo-alb-reformas-icon.png\",\"width\":512,\"height\":512,\"caption\":\"Reformas de viviendas\"},\"image\":{\"@id\":\"https:\\\/\\\/construyereformas.es\\\/#\\\/schema\\\/logo\\\/image\\\/\"}}]}<\/script>\n<!-- \/ Yoast SEO Premium plugin. -->","yoast_head_json":{"title":"Cont\u00e1ctanos - Reformas de viviendas","robots":{"index":"index","follow":"follow","max-snippet":"max-snippet:-1","max-image-preview":"max-image-preview:large","max-video-preview":"max-video-preview:-1"},"canonical":"https:\/\/construyereformas.es\/en\/contactanos\/","og_locale":"en_US","og_type":"article","og_title":"Cont\u00e1ctanos","og_description":"Cont\u00e1ctanos para recibir una oferta personalizada para el servicio deseado DETALLES Alicante, Espa\u00f1a Phone: 677 131 288 Mail: office@construyereformas.es NUESTRO","og_url":"https:\/\/construyereformas.es\/en\/contactanos\/","og_site_name":"Reformas de viviendas","article_modified_time":"2023-04-29T19:32:50+00:00","twitter_card":"summary_large_image","twitter_misc":{"Est. reading time":"3 minutes"},"schema":{"@context":"https:\/\/schema.org","@graph":[{"@type":"WebPage","@id":"https:\/\/construyereformas.es\/contactanos\/","url":"https:\/\/construyereformas.es\/contactanos\/","name":"Cont\u00e1ctanos - Reformas de viviendas","isPartOf":{"@id":"https:\/\/construyereformas.es\/#website"},"datePublished":"2021-10-12T14:27:24+00:00","dateModified":"2023-04-29T19:32:50+00:00","breadcrumb":{"@id":"https:\/\/construyereformas.es\/contactanos\/#breadcrumb"},"inLanguage":"en-US","potentialAction":[{"@type":"ReadAction","target":["https:\/\/construyereformas.es\/contactanos\/"]}]},{"@type":"BreadcrumbList","@id":"https:\/\/construyereformas.es\/contactanos\/#breadcrumb","itemListElement":[{"@type":"ListItem","position":1,"name":"Prima pagin\u0103","item":"https:\/\/construyereformas.es\/"},{"@type":"ListItem","position":2,"name":"Cont\u00e1ctanos"}]},{"@type":"WebSite","@id":"https:\/\/construyereformas.es\/#website","url":"https:\/\/construyereformas.es\/","name":"Reformas de viviendas","description":"Renovaci\u00f3n de interiores","publisher":{"@id":"https:\/\/construyereformas.es\/#organization"},"potentialAction":[{"@type":"SearchAction","target":{"@type":"EntryPoint","urlTemplate":"https:\/\/construyereformas.es\/?s={search_term_string}"},"query-input":{"@type":"PropertyValueSpecification","valueRequired":true,"valueName":"search_term_string"}}],"inLanguage":"en-US"},{"@type":"Organization","@id":"https:\/\/construyereformas.es\/#organization","name":"Reformas de viviendas","url":"https:\/\/construyereformas.es\/","logo":{"@type":"ImageObject","inLanguage":"en-US","@id":"https:\/\/construyereformas.es\/#\/schema\/logo\/image\/","url":"https:\/\/construyereformas.es\/wp-content\/uploads\/2023\/04\/cropped-logo-alb-reformas-icon.png","contentUrl":"https:\/\/construyereformas.es\/wp-content\/uploads\/2023\/04\/cropped-logo-alb-reformas-icon.png","width":512,"height":512,"caption":"Reformas de viviendas"},"image":{"@id":"https:\/\/construyereformas.es\/#\/schema\/logo\/image\/"}}]}},"_links":{"self":[{"href":"https:\/\/construyereformas.es\/en\/wp-json\/wp\/v2\/pages\/4439","targetHints":{"allow":["GET"]}}],"collection":[{"href":"https:\/\/construyereformas.es\/en\/wp-json\/wp\/v2\/pages"}],"about":[{"href":"https:\/\/construyereformas.es\/en\/wp-json\/wp\/v2\/types\/page"}],"author":[{"embeddable":true,"href":"https:\/\/construyereformas.es\/en\/wp-json\/wp\/v2\/users\/1"}],"replies":[{"embeddable":true,"href":"https:\/\/construyereformas.es\/en\/wp-json\/wp\/v2\/comments?post=4439"}],"version-history":[{"count":39,"href":"https:\/\/construyereformas.es\/en\/wp-json\/wp\/v2\/pages\/4439\/revisions"}],"predecessor-version":[{"id":9318,"href":"https:\/\/construyereformas.es\/en\/wp-json\/wp\/v2\/pages\/4439\/revisions\/9318"}],"wp:attachment":[{"href":"https:\/\/construyereformas.es\/en\/wp-json\/wp\/v2\/media?parent=4439"}],"curies":[{"name":"wp","href":"https:\/\/api.w.org\/{rel}","templated":true}]}}