{"id":9476,"date":"2026-04-28T17:55:24","date_gmt":"2026-04-28T14:55:24","guid":{"rendered":"https:\/\/construyereformas.es\/?page_id=9476"},"modified":"2026-04-28T23:55:16","modified_gmt":"2026-04-28T21:55:16","slug":"ofertas-de-empleo","status":"publish","type":"page","link":"https:\/\/construyereformas.es\/en\/ofertas-de-empleo\/","title":{"rendered":"Ofertas de Empleo"},"content":{"rendered":"<div data-elementor-type=\"wp-page\" data-elementor-id=\"9476\" class=\"elementor elementor-9476\">\n\t\t\t\t\t\t<section class=\"elementor-section elementor-top-section elementor-element elementor-element-43e85b74 elementor-section-stretched elementor-section-boxed elementor-section-height-default elementor-section-height-default wd-section-disabled\" data-id=\"43e85b74\" data-element_type=\"section\" data-e-type=\"section\" data-settings=\"{&quot;stretch_section&quot;:&quot;section-stretched&quot;}\">\n\t\t\t\t\t\t<div class=\"elementor-container elementor-column-gap-default\">\n\t\t\t\t\t<div class=\"elementor-column elementor-col-100 elementor-top-column elementor-element elementor-element-233fc804\" data-id=\"233fc804\" data-element_type=\"column\" data-e-type=\"column\">\n\t\t\t<div class=\"elementor-widget-wrap elementor-element-populated\">\n\t\t\t\t\t\t<div class=\"elementor-element elementor-element-b031890 elementor-widget elementor-widget-shortcode\" data-id=\"b031890\" data-element_type=\"widget\" data-e-type=\"widget\" data-widget_type=\"shortcode.default\">\n\t\t\t\t<div class=\"elementor-widget-container\">\n\t\t\t\t\t\t\t<div class=\"elementor-shortcode\">\t\t<style>\r\n\t\t\t.deka-angajari-container .deka-job-btn {\r\n\t\t\t\tbackground: linear-gradient(90deg, #6ac8d6, #1da4d1) !important;\r\n\t\t\t\tcolor: #ffffff !important;\r\n\t\t\t\tdisplay: inline-flex !important;\r\n\t\t\t\talign-items: center !important;\r\n\t\t\t\tjustify-content: center !important;\r\n\t\t\t\tgap: 8px !important;\r\n\t\t\t}\r\n\t\t\t.deka-angajari-container .deka-job-btn:hover {\r\n\t\t\t\tcolor: #ffffff !important;\r\n\t\t\t\topacity: 0.9 !important;\r\n\t\t\t}\r\n\t\t\t.deka-angajari-container .deka-job-btn i {\r\n\t\t\t\tfont-size: 1.1em;\r\n\t\t\t}\r\n\t\t<\/style>\r\n\t\t<div class=\"deka-angajari-container\">\r\n\t\t\t<h2 class=\"deka-angajari-main-title\" style=\"margin-bottom: 10px;\">Ofertas de Empleo en Construcci\u00f3n<\/h2>\r\n\t\t\t\r\n\t\t\t\t\t\t\t<div class=\"deka-angajari-main-desc\" style=\"text-align: center; margin-bottom: 40px; color: #666; font-size: 1.1rem; line-height: 1.6;\">\r\n\t\t\t\t\t<h2>Ofrecemos\u2757\u2757\u2757<\/h2>\n<h3>\u25cf\u200bContrato indefinido, estabilidad y posibilidad de crecimiento.<br \/>\n\u25cf\u200bSalario acorde a experiencia y funciones, por encima del convenio.<\/h3>\n\t\t\t\t<\/div>\r\n\t\t\t\t\t\t\r\n\t\t\t<div class=\"deka-angajari-grid\">\r\n\t\t\t\t\t\t\t\t\t\t\t\t\t\t\t<div class=\"deka-job-card\">\r\n\t\t\t\t\t\t\t\t\t\t\t\t\t\t\t<div class=\"deka-job-thumbnail\" style=\"margin-bottom: 20px;\">\r\n\t\t\t\t\t\t\t\t\t<img fetchpriority=\"high\" decoding=\"async\" width=\"400\" height=\"267\" src=\"https:\/\/construyereformas.es\/wp-content\/uploads\/2026\/04\/824c5431-c157-4f37-a499-72661a78b58c-400x267.png\" class=\"attachment-medium size-medium wp-post-image\" alt=\"Alba\u00f1iler\u00eda &amp; Tabiquer\u00eda\" style=\"width: 100%; height: auto; border-radius: 8px;\" srcset=\"https:\/\/construyereformas.es\/wp-content\/uploads\/2026\/04\/824c5431-c157-4f37-a499-72661a78b58c-400x267.png 400w, https:\/\/construyereformas.es\/wp-content\/uploads\/2026\/04\/824c5431-c157-4f37-a499-72661a78b58c-1200x800.png 1200w, https:\/\/construyereformas.es\/wp-content\/uploads\/2026\/04\/824c5431-c157-4f37-a499-72661a78b58c-768x512.png 768w, https:\/\/construyereformas.es\/wp-content\/uploads\/2026\/04\/824c5431-c157-4f37-a499-72661a78b58c-18x12.png 18w, https:\/\/construyereformas.es\/wp-content\/uploads\/2026\/04\/824c5431-c157-4f37-a499-72661a78b58c.png 1536w\" sizes=\"(max-width: 400px) 100vw, 400px\" \/>\t\t\t\t\t\t\t\t<\/div>\r\n\t\t\t\t\t\t\t\t\t\t\t\t\t\t<h3 class=\"deka-job-title\">Alba\u00f1iler\u00eda &#038; Tabiquer\u00eda<\/h3>\r\n\t\t\t\t\t\t\t<div class=\"deka-job-desc\">\r\n\t\t\t\t\t\t\t\t<p>Ejecuci\u00f3n de cerramientos, muros y particiones interiores. Especialistas en sistemas constructivos tradicionales y montaje de estructuras en seco.<\/p>\n<h2 data-section-id=\"kgex82\" data-start=\"267\" data-end=\"287\"><span role=\"text\">\u2705 <strong data-start=\"272\" data-end=\"287\">Requisitos:<\/strong><\/span><\/h2>\n<p>\u200bExperiencia en alba\u00f1iler\u00eda integral.<br \/>\n\u200bDominio de sistemas PYL (Pladur) y ladrillo.<br \/>\n\u200bCapacidad de lectura de planos y replanteo.<br \/>\n\u200bEnfoque en la solidez y precisi\u00f3n del remate.<br \/>\n\u200bDisponibilidad inmediata.<\/p>\n\t\t\t\t\t\t\t<\/div>\r\n\t\t\t\t\t\t\t<button class=\"deka-job-btn deka-open-popup\" data-job=\"Alba\u00f1iler\u00eda &#038; Tabiquer\u00eda\">\r\n\t\t\t\t\t\t\t\t<i class=\"dashicons dashicons-hammer\"><\/i><span>Aplicar ahora<\/span>\t\t\t\t\t\t\t<\/button>\r\n\t\t\t\t\t\t<\/div>\r\n\t\t\t\t\t\t\t\t\t\t\t<div class=\"deka-job-card\">\r\n\t\t\t\t\t\t\t\t\t\t\t\t\t\t\t<div class=\"deka-job-thumbnail\" style=\"margin-bottom: 20px;\">\r\n\t\t\t\t\t\t\t\t\t<img decoding=\"async\" width=\"400\" height=\"267\" src=\"https:\/\/construyereformas.es\/wp-content\/uploads\/2026\/04\/Alicatados-y-Revestimientos-400x267.png\" class=\"attachment-medium size-medium wp-post-image\" alt=\"Alicatados y Revestimientos\" style=\"width: 100%; height: auto; border-radius: 8px;\" srcset=\"https:\/\/construyereformas.es\/wp-content\/uploads\/2026\/04\/Alicatados-y-Revestimientos-400x267.png 400w, https:\/\/construyereformas.es\/wp-content\/uploads\/2026\/04\/Alicatados-y-Revestimientos-1200x800.png 1200w, https:\/\/construyereformas.es\/wp-content\/uploads\/2026\/04\/Alicatados-y-Revestimientos-768x512.png 768w, https:\/\/construyereformas.es\/wp-content\/uploads\/2026\/04\/Alicatados-y-Revestimientos-18x12.png 18w, https:\/\/construyereformas.es\/wp-content\/uploads\/2026\/04\/Alicatados-y-Revestimientos.png 1536w\" sizes=\"(max-width: 400px) 100vw, 400px\" \/>\t\t\t\t\t\t\t\t<\/div>\r\n\t\t\t\t\t\t\t\t\t\t\t\t\t\t<h3 class=\"deka-job-title\">Alicatados y Revestimientos<\/h3>\r\n\t\t\t\t\t\t\t<div class=\"deka-job-desc\">\r\n\t\t\t\t\t\t\t\t<p data-start=\"420\" data-end=\"537\">Instalaci\u00f3n de pavimentos y revestimientos cer\u00e1micos. Garant\u00eda de perfecta nivelaci\u00f3n, alineaci\u00f3n de juntas y acabados est\u00e9ticos en todo tipo de estancias.<\/p>\n<h2 data-section-id=\"kgex82\" data-start=\"539\" data-end=\"559\"><span role=\"text\">\u2705 <strong data-start=\"544\" data-end=\"559\">Requisitos:<\/strong><\/span><\/h2>\n<p>\u200bExperiencia en colocaci\u00f3n de diversos formatos y acabados.<br \/>\n\u200bDominio de herramientas de nivelaci\u00f3n y corte.<br \/>\n\u200bDetalle en la ejecuci\u00f3n de juntas e ingletes.<br \/>\n\u200bCapacidad de trabajo en equipo.<\/p>\n\t\t\t\t\t\t\t<\/div>\r\n\t\t\t\t\t\t\t<button class=\"deka-job-btn deka-open-popup\" data-job=\"Alicatados y Revestimientos\">\r\n\t\t\t\t\t\t\t\t<i class=\"dashicons dashicons-hammer\"><\/i><span>Aplicar ahora<\/span>\t\t\t\t\t\t\t<\/button>\r\n\t\t\t\t\t\t<\/div>\r\n\t\t\t\t\t\t\t\t\t\t\t<div class=\"deka-job-card\">\r\n\t\t\t\t\t\t\t\t\t\t\t\t\t\t\t<div class=\"deka-job-thumbnail\" style=\"margin-bottom: 20px;\">\r\n\t\t\t\t\t\t\t\t\t<img decoding=\"async\" width=\"400\" height=\"267\" src=\"https:\/\/construyereformas.es\/wp-content\/uploads\/2026\/04\/yesaire-y-pladurista-400x267.png\" class=\"attachment-medium size-medium wp-post-image\" alt=\"\" style=\"width: 100%; height: auto; border-radius: 8px;\" srcset=\"https:\/\/construyereformas.es\/wp-content\/uploads\/2026\/04\/yesaire-y-pladurista-400x267.png 400w, https:\/\/construyereformas.es\/wp-content\/uploads\/2026\/04\/yesaire-y-pladurista-1200x800.png 1200w, https:\/\/construyereformas.es\/wp-content\/uploads\/2026\/04\/yesaire-y-pladurista-768x512.png 768w, https:\/\/construyereformas.es\/wp-content\/uploads\/2026\/04\/yesaire-y-pladurista-18x12.png 18w, https:\/\/construyereformas.es\/wp-content\/uploads\/2026\/04\/yesaire-y-pladurista.png 1536w\" sizes=\"(max-width: 400px) 100vw, 400px\" \/>\t\t\t\t\t\t\t\t<\/div>\r\n\t\t\t\t\t\t\t\t\t\t\t\t\t\t<h3 class=\"deka-job-title\">Pladur, yeso y masilla<\/h3>\r\n\t\t\t\t\t\t\t<div class=\"deka-job-desc\">\r\n\t\t\t\t\t\t\t\t<p data-start=\"87\" data-end=\"195\">Montaje de sistemas de placa de yeso laminado (PYL) y aplicaciones de yeso controlado y maestreado.<br \/>\nEspecialistas en el tratamiento de superficies con gotele para lograr paramentos lisos y de alta calidad.<\/p>\n<h2 data-section-id=\"kgex82\" data-start=\"202\" data-end=\"222\"><span role=\"text\">\u2705 <strong data-start=\"207\" data-end=\"222\">Requisitos:<\/strong><\/span><\/h2>\n<p>Experiencia en estructuras de techos y trasdosados.<br \/>\n\u200bDominio en el tratamiento de juntas y masillas.<br \/>\n\u200bHabilidad en acabados finos y enlucidos.<br \/>\n\u200bAutonom\u00eda y agilidad en la ejecuci\u00f3n.<br \/>\n\u200bIncorporaci\u00f3n inmediata.<\/p>\n\t\t\t\t\t\t\t<\/div>\r\n\t\t\t\t\t\t\t<button class=\"deka-job-btn deka-open-popup\" data-job=\"Pladur, yeso y masilla\">\r\n\t\t\t\t\t\t\t\t<i class=\"dashicons dashicons-hammer\"><\/i><span>Aplicar ahora<\/span>\t\t\t\t\t\t\t<\/button>\r\n\t\t\t\t\t\t<\/div>\r\n\t\t\t\t\t\t\t\t\t\t\t<div class=\"deka-job-card\">\r\n\t\t\t\t\t\t\t\t\t\t\t\t\t\t\t<div class=\"deka-job-thumbnail\" style=\"margin-bottom: 20px;\">\r\n\t\t\t\t\t\t\t\t\t<img loading=\"lazy\" decoding=\"async\" width=\"400\" height=\"267\" src=\"https:\/\/construyereformas.es\/wp-content\/uploads\/2026\/04\/Electricidad-400x267.png\" class=\"attachment-medium size-medium wp-post-image\" alt=\"\" style=\"width: 100%; height: auto; border-radius: 8px;\" srcset=\"https:\/\/construyereformas.es\/wp-content\/uploads\/2026\/04\/Electricidad-400x267.png 400w, https:\/\/construyereformas.es\/wp-content\/uploads\/2026\/04\/Electricidad-1200x800.png 1200w, https:\/\/construyereformas.es\/wp-content\/uploads\/2026\/04\/Electricidad-768x512.png 768w, https:\/\/construyereformas.es\/wp-content\/uploads\/2026\/04\/Electricidad-18x12.png 18w, https:\/\/construyereformas.es\/wp-content\/uploads\/2026\/04\/Electricidad.png 1536w\" sizes=\"(max-width: 400px) 100vw, 400px\" \/>\t\t\t\t\t\t\t\t<\/div>\r\n\t\t\t\t\t\t\t\t\t\t\t\t\t\t<h3 class=\"deka-job-title\">Electricidad<\/h3>\r\n\t\t\t\t\t\t\t<div class=\"deka-job-desc\">\r\n\t\t\t\t\t\t\t\t<p>Instalaciones el\u00e9ctricas en viviendas y espacios comerciales: cableado, montaje de enchufes, interruptores y cuadros el\u00e9ctricos.<\/p>\n<h2 data-section-id=\"kgex82\" data-start=\"203\" data-end=\"223\"><span role=\"text\">\u2705 <strong data-start=\"208\" data-end=\"223\">Requisitos:<\/strong><\/span><\/h2>\n<p>Experiencia en instalaciones el\u00e9ctricas<br \/>\nConocimiento de cableado y cuadros el\u00e9ctricos<br \/>\nCapacidad de interpretaci\u00f3n de esquemas el\u00e9ctricos<br \/>\nAtenci\u00f3n al detalle y seguridad en el trabajo<br \/>\nTrabajo en equipo<br \/>\nDisponibilidad inmediata<\/p>\n\t\t\t\t\t\t\t<\/div>\r\n\t\t\t\t\t\t\t<button class=\"deka-job-btn deka-open-popup\" data-job=\"Electricidad\">\r\n\t\t\t\t\t\t\t\t<i class=\"dashicons dashicons-hammer\"><\/i><span>Aplicar ahora<\/span>\t\t\t\t\t\t\t<\/button>\r\n\t\t\t\t\t\t<\/div>\r\n\t\t\t\t\t\t\t\t\t\t\t<div class=\"deka-job-card\">\r\n\t\t\t\t\t\t\t\t\t\t\t\t\t\t\t<div class=\"deka-job-thumbnail\" style=\"margin-bottom: 20px;\">\r\n\t\t\t\t\t\t\t\t\t<img loading=\"lazy\" decoding=\"async\" width=\"400\" height=\"267\" src=\"https:\/\/construyereformas.es\/wp-content\/uploads\/2026\/04\/Fontaneria-400x267.png\" class=\"attachment-medium size-medium wp-post-image\" alt=\"Fontaner\u00eda\" style=\"width: 100%; height: auto; border-radius: 8px;\" srcset=\"https:\/\/construyereformas.es\/wp-content\/uploads\/2026\/04\/Fontaneria-400x267.png 400w, https:\/\/construyereformas.es\/wp-content\/uploads\/2026\/04\/Fontaneria-1200x800.png 1200w, https:\/\/construyereformas.es\/wp-content\/uploads\/2026\/04\/Fontaneria-768x512.png 768w, https:\/\/construyereformas.es\/wp-content\/uploads\/2026\/04\/Fontaneria-18x12.png 18w, https:\/\/construyereformas.es\/wp-content\/uploads\/2026\/04\/Fontaneria.png 1536w\" sizes=\"(max-width: 400px) 100vw, 400px\" \/>\t\t\t\t\t\t\t\t<\/div>\r\n\t\t\t\t\t\t\t\t\t\t\t\t\t\t<h3 class=\"deka-job-title\">Fontaner\u00eda<\/h3>\r\n\t\t\t\t\t\t\t<div class=\"deka-job-desc\">\r\n\t\t\t\t\t\t\t\t<p>Instalaci\u00f3n y mantenimiento de sistemas de fontaner\u00eda: tuber\u00edas de agua, desag\u00fces, ba\u00f1os y cocinas.<\/p>\n<h2 data-section-id=\"kgex82\" data-start=\"172\" data-end=\"192\"><span role=\"text\">\u2705 <strong data-start=\"177\" data-end=\"192\">Requisitos:<\/strong><\/span><\/h2>\n<p>Experiencia en fontaner\u00eda<br \/>\nConocimiento en instalaci\u00f3n de tuber\u00edas (agua y desag\u00fce)<br \/>\nMontaje de sanitarios y grifer\u00eda<br \/>\nAtenci\u00f3n al detalle y trabajo limpio<br \/>\nTrabajo en equipo<br \/>\nDisponibilidad inmediata<\/p>\n\t\t\t\t\t\t\t<\/div>\r\n\t\t\t\t\t\t\t<button class=\"deka-job-btn deka-open-popup\" data-job=\"Fontaner\u00eda\">\r\n\t\t\t\t\t\t\t\t<i class=\"dashicons dashicons-hammer\"><\/i><span>Aplicar ahora<\/span>\t\t\t\t\t\t\t<\/button>\r\n\t\t\t\t\t\t<\/div>\r\n\t\t\t\t\t\t\t\t\t\t\t<div class=\"deka-job-card\">\r\n\t\t\t\t\t\t\t\t\t\t\t\t\t\t\t<div class=\"deka-job-thumbnail\" style=\"margin-bottom: 20px;\">\r\n\t\t\t\t\t\t\t\t\t<img loading=\"lazy\" decoding=\"async\" width=\"400\" height=\"267\" src=\"https:\/\/construyereformas.es\/wp-content\/uploads\/2026\/04\/Peon-Avanzado-de-Obra-400x267.png\" class=\"attachment-medium size-medium wp-post-image\" alt=\"\" style=\"width: 100%; height: auto; border-radius: 8px;\" srcset=\"https:\/\/construyereformas.es\/wp-content\/uploads\/2026\/04\/Peon-Avanzado-de-Obra-400x267.png 400w, https:\/\/construyereformas.es\/wp-content\/uploads\/2026\/04\/Peon-Avanzado-de-Obra-1200x800.png 1200w, https:\/\/construyereformas.es\/wp-content\/uploads\/2026\/04\/Peon-Avanzado-de-Obra-768x512.png 768w, https:\/\/construyereformas.es\/wp-content\/uploads\/2026\/04\/Peon-Avanzado-de-Obra-18x12.png 18w, https:\/\/construyereformas.es\/wp-content\/uploads\/2026\/04\/Peon-Avanzado-de-Obra.png 1536w\" sizes=\"(max-width: 400px) 100vw, 400px\" \/>\t\t\t\t\t\t\t\t<\/div>\r\n\t\t\t\t\t\t\t\t\t\t\t\t\t\t<h3 class=\"deka-job-title\">Pe\u00f3n Avanzado de Obra<\/h3>\r\n\t\t\t\t\t\t\t<div class=\"deka-job-desc\">\r\n\t\t\t\t\t\t\t\t<p>Soporte especializado en procesos constructivos y preparaci\u00f3n de tajos. Responsable del suministro de materiales, preparaci\u00f3n de morteros y asistencia directa a oficiales en tareas de alba\u00f1iler\u00eda.<\/p>\n<h2 data-section-id=\"kgex82\" data-start=\"267\" data-end=\"287\"><span role=\"text\">\u2705 <strong data-start=\"272\" data-end=\"287\">Requisitos:<\/strong><\/span><\/h2>\n<p>\u200bExperiencia previa en obra y apoyo a oficiales.<br \/>\n\u200bManejo de herramientas el\u00e9ctricas y manuales.<br \/>\n\u200bConocimiento en la preparaci\u00f3n de mezclas y pastas.<br \/>\n\u200bActitud proactiva y capacidad de organizaci\u00f3n.<br \/>\n\u200bCumplimiento estricto de normas de seguridad.<\/p>\n\t\t\t\t\t\t\t<\/div>\r\n\t\t\t\t\t\t\t<button class=\"deka-job-btn deka-open-popup\" data-job=\"Pe\u00f3n Avanzado de Obra\">\r\n\t\t\t\t\t\t\t\t<i class=\"dashicons dashicons-hammer\"><\/i><span>Aplic\u0103 acum<\/span>\t\t\t\t\t\t\t<\/button>\r\n\t\t\t\t\t\t<\/div>\r\n\t\t\t\t\t\t\t\t\t\t\t\t<\/div>\r\n\t\t<\/div>\r\n\t\t<\/div>\n\t\t\t\t\t\t<\/div>\n\t\t\t\t<\/div>\n\t\t\t\t\t<\/div>\n\t\t<\/div>\n\t\t\t\t\t<\/div>\n\t\t<\/section>\n\t\t\t\t<\/div>","protected":false},"excerpt":{"rendered":"","protected":false},"author":1,"featured_media":9501,"parent":0,"menu_order":0,"comment_status":"closed","ping_status":"closed","template":"","meta":{"ngg_post_thumbnail":0,"footnotes":""},"class_list":["post-9476","page","type-page","status-publish","has-post-thumbnail","hentry"],"yoast_head":"<!-- This site is optimized with the Yoast SEO Premium plugin v27.1 (Yoast SEO v27.5) - https:\/\/yoast.com\/product\/yoast-seo-premium-wordpress\/ -->\n<title>Ofertas de Empleo - Reformas de viviendas<\/title>\n<meta name=\"robots\" content=\"index, follow, max-snippet:-1, max-image-preview:large, max-video-preview:-1\" \/>\n<link rel=\"canonical\" href=\"https:\/\/construyereformas.es\/en\/ofertas-de-empleo\/\" \/>\n<meta property=\"og:locale\" content=\"en_US\" \/>\n<meta property=\"og:type\" content=\"article\" \/>\n<meta property=\"og:title\" content=\"Ofertas de Empleo\" \/>\n<meta property=\"og:url\" content=\"https:\/\/construyereformas.es\/en\/ofertas-de-empleo\/\" \/>\n<meta property=\"og:site_name\" content=\"Reformas de viviendas\" \/>\n<meta property=\"article:modified_time\" content=\"2026-04-28T21:55:16+00:00\" \/>\n<meta property=\"og:image\" content=\"https:\/\/construyereformas.es\/wp-content\/uploads\/2026\/04\/824c5431-c157-4f37-a499-72661a78b58c-1200x800.png\" \/>\n\t<meta property=\"og:image:width\" content=\"1200\" \/>\n\t<meta property=\"og:image:height\" content=\"800\" \/>\n\t<meta property=\"og:image:type\" content=\"image\/png\" \/>\n<meta name=\"twitter:card\" content=\"summary_large_image\" \/>\n<meta name=\"twitter:label1\" content=\"Est. reading time\" \/>\n\t<meta name=\"twitter:data1\" content=\"1 minute\" \/>\n<script type=\"application\/ld+json\" class=\"yoast-schema-graph\">{\"@context\":\"https:\\\/\\\/schema.org\",\"@graph\":[{\"@type\":\"WebPage\",\"@id\":\"https:\\\/\\\/construyereformas.es\\\/ofertas-de-empleo\\\/\",\"url\":\"https:\\\/\\\/construyereformas.es\\\/ofertas-de-empleo\\\/\",\"name\":\"Ofertas de Empleo - Reformas de viviendas\",\"isPartOf\":{\"@id\":\"https:\\\/\\\/construyereformas.es\\\/#website\"},\"primaryImageOfPage\":{\"@id\":\"https:\\\/\\\/construyereformas.es\\\/ofertas-de-empleo\\\/#primaryimage\"},\"image\":{\"@id\":\"https:\\\/\\\/construyereformas.es\\\/ofertas-de-empleo\\\/#primaryimage\"},\"thumbnailUrl\":\"https:\\\/\\\/construyereformas.es\\\/wp-content\\\/uploads\\\/2026\\\/04\\\/824c5431-c157-4f37-a499-72661a78b58c.png\",\"datePublished\":\"2026-04-28T14:55:24+00:00\",\"dateModified\":\"2026-04-28T21:55:16+00:00\",\"breadcrumb\":{\"@id\":\"https:\\\/\\\/construyereformas.es\\\/ofertas-de-empleo\\\/#breadcrumb\"},\"inLanguage\":\"en-US\",\"potentialAction\":[{\"@type\":\"ReadAction\",\"target\":[\"https:\\\/\\\/construyereformas.es\\\/ofertas-de-empleo\\\/\"]}]},{\"@type\":\"ImageObject\",\"inLanguage\":\"en-US\",\"@id\":\"https:\\\/\\\/construyereformas.es\\\/ofertas-de-empleo\\\/#primaryimage\",\"url\":\"https:\\\/\\\/construyereformas.es\\\/wp-content\\\/uploads\\\/2026\\\/04\\\/824c5431-c157-4f37-a499-72661a78b58c.png\",\"contentUrl\":\"https:\\\/\\\/construyereformas.es\\\/wp-content\\\/uploads\\\/2026\\\/04\\\/824c5431-c157-4f37-a499-72661a78b58c.png\",\"width\":1536,\"height\":1024,\"caption\":\"Alba\u00f1iler\u00eda & Tabiquer\u00eda\"},{\"@type\":\"BreadcrumbList\",\"@id\":\"https:\\\/\\\/construyereformas.es\\\/ofertas-de-empleo\\\/#breadcrumb\",\"itemListElement\":[{\"@type\":\"ListItem\",\"position\":1,\"name\":\"Prima pagin\u0103\",\"item\":\"https:\\\/\\\/construyereformas.es\\\/\"},{\"@type\":\"ListItem\",\"position\":2,\"name\":\"Ofertas de Empleo\"}]},{\"@type\":\"WebSite\",\"@id\":\"https:\\\/\\\/construyereformas.es\\\/#website\",\"url\":\"https:\\\/\\\/construyereformas.es\\\/\",\"name\":\"Reformas de viviendas\",\"description\":\"Renovaci\u00f3n de interiores\",\"publisher\":{\"@id\":\"https:\\\/\\\/construyereformas.es\\\/#organization\"},\"potentialAction\":[{\"@type\":\"SearchAction\",\"target\":{\"@type\":\"EntryPoint\",\"urlTemplate\":\"https:\\\/\\\/construyereformas.es\\\/?s={search_term_string}\"},\"query-input\":{\"@type\":\"PropertyValueSpecification\",\"valueRequired\":true,\"valueName\":\"search_term_string\"}}],\"inLanguage\":\"en-US\"},{\"@type\":\"Organization\",\"@id\":\"https:\\\/\\\/construyereformas.es\\\/#organization\",\"name\":\"Reformas de viviendas\",\"url\":\"https:\\\/\\\/construyereformas.es\\\/\",\"logo\":{\"@type\":\"ImageObject\",\"inLanguage\":\"en-US\",\"@id\":\"https:\\\/\\\/construyereformas.es\\\/#\\\/schema\\\/logo\\\/image\\\/\",\"url\":\"https:\\\/\\\/construyereformas.es\\\/wp-content\\\/uploads\\\/2023\\\/04\\\/cropped-logo-alb-reformas-icon.png\",\"contentUrl\":\"https:\\\/\\\/construyereformas.es\\\/wp-content\\\/uploads\\\/2023\\\/04\\\/cropped-logo-alb-reformas-icon.png\",\"width\":512,\"height\":512,\"caption\":\"Reformas de viviendas\"},\"image\":{\"@id\":\"https:\\\/\\\/construyereformas.es\\\/#\\\/schema\\\/logo\\\/image\\\/\"}}]}<\/script>\n<!-- \/ Yoast SEO Premium plugin. -->","yoast_head_json":{"title":"Ofertas de Empleo - Reformas de viviendas","robots":{"index":"index","follow":"follow","max-snippet":"max-snippet:-1","max-image-preview":"max-image-preview:large","max-video-preview":"max-video-preview:-1"},"canonical":"https:\/\/construyereformas.es\/en\/ofertas-de-empleo\/","og_locale":"en_US","og_type":"article","og_title":"Ofertas de Empleo","og_url":"https:\/\/construyereformas.es\/en\/ofertas-de-empleo\/","og_site_name":"Reformas de viviendas","article_modified_time":"2026-04-28T21:55:16+00:00","og_image":[{"width":1200,"height":800,"url":"https:\/\/construyereformas.es\/wp-content\/uploads\/2026\/04\/824c5431-c157-4f37-a499-72661a78b58c-1200x800.png","type":"image\/png"}],"twitter_card":"summary_large_image","twitter_misc":{"Est. reading time":"1 minute"},"schema":{"@context":"https:\/\/schema.org","@graph":[{"@type":"WebPage","@id":"https:\/\/construyereformas.es\/ofertas-de-empleo\/","url":"https:\/\/construyereformas.es\/ofertas-de-empleo\/","name":"Ofertas de Empleo - Reformas de viviendas","isPartOf":{"@id":"https:\/\/construyereformas.es\/#website"},"primaryImageOfPage":{"@id":"https:\/\/construyereformas.es\/ofertas-de-empleo\/#primaryimage"},"image":{"@id":"https:\/\/construyereformas.es\/ofertas-de-empleo\/#primaryimage"},"thumbnailUrl":"https:\/\/construyereformas.es\/wp-content\/uploads\/2026\/04\/824c5431-c157-4f37-a499-72661a78b58c.png","datePublished":"2026-04-28T14:55:24+00:00","dateModified":"2026-04-28T21:55:16+00:00","breadcrumb":{"@id":"https:\/\/construyereformas.es\/ofertas-de-empleo\/#breadcrumb"},"inLanguage":"en-US","potentialAction":[{"@type":"ReadAction","target":["https:\/\/construyereformas.es\/ofertas-de-empleo\/"]}]},{"@type":"ImageObject","inLanguage":"en-US","@id":"https:\/\/construyereformas.es\/ofertas-de-empleo\/#primaryimage","url":"https:\/\/construyereformas.es\/wp-content\/uploads\/2026\/04\/824c5431-c157-4f37-a499-72661a78b58c.png","contentUrl":"https:\/\/construyereformas.es\/wp-content\/uploads\/2026\/04\/824c5431-c157-4f37-a499-72661a78b58c.png","width":1536,"height":1024,"caption":"Alba\u00f1iler\u00eda & Tabiquer\u00eda"},{"@type":"BreadcrumbList","@id":"https:\/\/construyereformas.es\/ofertas-de-empleo\/#breadcrumb","itemListElement":[{"@type":"ListItem","position":1,"name":"Prima pagin\u0103","item":"https:\/\/construyereformas.es\/"},{"@type":"ListItem","position":2,"name":"Ofertas de Empleo"}]},{"@type":"WebSite","@id":"https:\/\/construyereformas.es\/#website","url":"https:\/\/construyereformas.es\/","name":"Reformas de viviendas","description":"Renovaci\u00f3n de interiores","publisher":{"@id":"https:\/\/construyereformas.es\/#organization"},"potentialAction":[{"@type":"SearchAction","target":{"@type":"EntryPoint","urlTemplate":"https:\/\/construyereformas.es\/?s={search_term_string}"},"query-input":{"@type":"PropertyValueSpecification","valueRequired":true,"valueName":"search_term_string"}}],"inLanguage":"en-US"},{"@type":"Organization","@id":"https:\/\/construyereformas.es\/#organization","name":"Reformas de viviendas","url":"https:\/\/construyereformas.es\/","logo":{"@type":"ImageObject","inLanguage":"en-US","@id":"https:\/\/construyereformas.es\/#\/schema\/logo\/image\/","url":"https:\/\/construyereformas.es\/wp-content\/uploads\/2023\/04\/cropped-logo-alb-reformas-icon.png","contentUrl":"https:\/\/construyereformas.es\/wp-content\/uploads\/2023\/04\/cropped-logo-alb-reformas-icon.png","width":512,"height":512,"caption":"Reformas de viviendas"},"image":{"@id":"https:\/\/construyereformas.es\/#\/schema\/logo\/image\/"}}]}},"_links":{"self":[{"href":"https:\/\/construyereformas.es\/en\/wp-json\/wp\/v2\/pages\/9476","targetHints":{"allow":["GET"]}}],"collection":[{"href":"https:\/\/construyereformas.es\/en\/wp-json\/wp\/v2\/pages"}],"about":[{"href":"https:\/\/construyereformas.es\/en\/wp-json\/wp\/v2\/types\/page"}],"author":[{"embeddable":true,"href":"https:\/\/construyereformas.es\/en\/wp-json\/wp\/v2\/users\/1"}],"replies":[{"embeddable":true,"href":"https:\/\/construyereformas.es\/en\/wp-json\/wp\/v2\/comments?post=9476"}],"version-history":[{"count":7,"href":"https:\/\/construyereformas.es\/en\/wp-json\/wp\/v2\/pages\/9476\/revisions"}],"predecessor-version":[{"id":9509,"href":"https:\/\/construyereformas.es\/en\/wp-json\/wp\/v2\/pages\/9476\/revisions\/9509"}],"wp:featuredmedia":[{"embeddable":true,"href":"https:\/\/construyereformas.es\/en\/wp-json\/wp\/v2\/media\/9501"}],"wp:attachment":[{"href":"https:\/\/construyereformas.es\/en\/wp-json\/wp\/v2\/media?parent=9476"}],"curies":[{"name":"wp","href":"https:\/\/api.w.org\/{rel}","templated":true}]}}